{"id":6811,"date":"2021-05-24T14:31:27","date_gmt":"2021-05-24T14:31:27","guid":{"rendered":"https:\/\/comuneko.com\/?page_id=6811"},"modified":"2023-04-07T15:46:26","modified_gmt":"2023-04-07T15:46:26","slug":"main-home","status":"publish","type":"page","link":"https:\/\/comuneko.com\/","title":{"rendered":"Main Home"},"content":{"rendered":"<p>[vc_row][vc_column][rev_slider_vc alias=&#8221;main-home-1&#8243; enable_paspartu=&#8221;no&#8221;][\/vc_column][\/vc_row][vc_row][vc_column]<div class=\"qodef-separator-holder clearfix  qodef-separator-left \">\n\t<div class=\"qodef-separator\" ><\/div>\n<\/div>\n[\/vc_column][\/vc_row][vc_row][vc_column width=&#8221;1\/6&#8243;][\/vc_column][vc_column width=&#8221;1\/6&#8243;][vc_custom_heading text=&#8221;Qui si fa brand `{`r`}`evolution&#8221; google_fonts=&#8221;font_family:Montserrat%3Aregular%2C700|font_style:400%20regular%3A400%3Anormal&#8221; css_animation=&#8221;left-to-right&#8221;][\/vc_column][vc_column width=&#8221;1\/2&#8243;][vc_column_text css_animation=&#8221;right-to-left&#8221; css=&#8221;.vc_custom_1660309604140{background-color: #ffffff !important;}&#8221;]Cosa vuol dire? Che prendo per mano i brand nascenti o quelli con un&#8217;identit\u00e0 non ben definita e li aiuto a sbocciare.<\/p>\n<p>Lavoro a quattro mani con te per progettare la brand strategy: mi racconti il tuo progetto, individuiamo insieme criticit\u00e0 ed obiettivi, definiamo il sistema di valori, la personalit\u00e0 e posizionamento del tuo marchio. Poi facciamo la magia: strutturo l&#8217;identit\u00e0 visiva e creo gli elementi di riconoscibilit\u00e0.[\/vc_column_text][\/vc_column][vc_column width=&#8221;1\/6&#8243;][\/vc_column][\/vc_row][vc_row css=&#8221;.vc_custom_1621871793975{background-color: #f4f4f4 !important;}&#8221; simple_background_color=&#8221;#8224e3&#8243;][vc_column css=&#8221;.vc_custom_1649925650079{background-color: #ffffff !important;}&#8221;][vc_custom_heading text=&#8221;Ultimi casi studio&#8221; font_container=&#8221;tag:h2|text_align:center&#8221; use_theme_fonts=&#8221;yes&#8221;][vc_row_inner content_text_aligment=&#8221;center&#8221;][vc_column_inner]<div class=\"qodef-portfolio-list-holder qodef-pl-masonry qodef-no-space qodef-pl-four-columns qodef-pl-standard-shader qodef-pl-images-fixed   qodef-pl-pag-no-pagination     \"  data-type=masonry data-number-of-columns=4 data-space-between-items=no data-number-of-items=12 data-image-proportions=full data-enable-fixed-proportions=yes data-enable-image-shadow=no data-orderby=id data-order=ASC data-item-style=standard-shader data-enable-title=yes data-title-tag=h2 data-enable-category=no data-enable-count-images=no data-enable-excerpt=no data-excerpt-length=20 data-pagination-type=no-pagination data-filter=no data-filter-order-by=name data-filter-text-transform=uppercase data-enable-article-animation=no data-portfolio-slider-on=no data-enable-loop=yes data-enable-autoplay=yes data-slider-speed=5000 data-slider-speed-animation=600 data-enable-navigation=yes data-enable-pagination=yes data-target=no data-max-num-pages=1 data-next-page=2>\n\t\t<div class=\"qodef-pl-inner qodef-outer-space clearfix\">\n\t\t<div class=\"qodef-pl-grid-sizer\"><\/div>\n\t\t<div class=\"qodef-pl-grid-gutter\"><\/div>\n\t\t<article class=\"qodef-pl-item qodef-item-space qodef-pl-masonry-default post-1055 portfolio-item type-portfolio-item status-publish hentry portfolio-category-creative\">\n\t<div class=\"qodef-pl-item-inner\">\n\t\t<div class=\"qodef-pli-image\">\n\t\t\t<img loading=\"lazy\" decoding=\"async\" itemprop=\"image\" class=\"qodef-pl-original-image\" width=\"800\" height=\"600\" src=\"https:\/\/comuneko.com\/wp-content\/plugins\/select-core\/post-types\/portfolio\/assets\/img\/portfolio_featured_image.jpg\" alt=\"Portfolio Featured Image\" \/>\n\t<\/div>\n<div class=\"qodef-pli-text-holder\">\n\t<div class=\"qodef-pli-text-wrapper\">\n\t\t<div class=\"qodef-pli-text\">\n\t\t\t\t<h2 itemprop=\"name\" class=\"qodef-pli-title entry-title\" >\n\t\tSchool Days\t<\/h2>\n\n\t\t\t\n\t\t\t\n\t\t\t\t\t<\/div>\n\t<\/div>\n<\/div>\t\t\n\t\t<a itemprop=\"url\" class=\"qodef-pli-link qodef-block-drag-link\" href=\"https:\/\/comuneko.com\/index.php\/portfolio-item\/school-days\/\" target=\"_self\"><\/a>\n\t<\/div>\n<\/article><article class=\"qodef-pl-item qodef-item-space qodef-pl-masonry-default post-1056 portfolio-item type-portfolio-item status-publish hentry portfolio-category-creative\">\n\t<div class=\"qodef-pl-item-inner\">\n\t\t<div class=\"qodef-pli-image\">\n\t\t\t<img loading=\"lazy\" decoding=\"async\" itemprop=\"image\" class=\"qodef-pl-original-image\" width=\"800\" height=\"600\" src=\"https:\/\/comuneko.com\/wp-content\/plugins\/select-core\/post-types\/portfolio\/assets\/img\/portfolio_featured_image.jpg\" alt=\"Portfolio Featured Image\" \/>\n\t<\/div>\n<div class=\"qodef-pli-text-holder\">\n\t<div class=\"qodef-pli-text-wrapper\">\n\t\t<div class=\"qodef-pli-text\">\n\t\t\t\t<h2 itemprop=\"name\" class=\"qodef-pli-title entry-title\" >\n\t\tBlue Glue\t<\/h2>\n\n\t\t\t\n\t\t\t\n\t\t\t\t\t<\/div>\n\t<\/div>\n<\/div>\t\t\n\t\t<a itemprop=\"url\" class=\"qodef-pli-link qodef-block-drag-link\" href=\"https:\/\/comuneko.com\/index.php\/portfolio-item\/blue-glue\/\" target=\"_self\"><\/a>\n\t<\/div>\n<\/article><article class=\"qodef-pl-item qodef-item-space qodef-pl-masonry-large-width-height post-7120 portfolio-item type-portfolio-item status-publish has-post-thumbnail hentry portfolio-category-creative portfolio-category-identity portfolio-category-packaging portfolio-category-rebranding\">\n\t<div class=\"qodef-pl-item-inner\">\n\t\t<div class=\"qodef-pli-image\">\n\t<img loading=\"lazy\" decoding=\"async\" width=\"1080\" height=\"1081\" src=\"https:\/\/comuneko.com\/wp-content\/uploads\/2022\/05\/CMNK-Pollaiomatto_0.png\" class=\"attachment-aoki_qodef_huge size-aoki_qodef_huge wp-post-image\" alt=\"\" srcset=\"https:\/\/comuneko.com\/wp-content\/uploads\/2022\/05\/CMNK-Pollaiomatto_0.png 1080w, https:\/\/comuneko.com\/wp-content\/uploads\/2022\/05\/CMNK-Pollaiomatto_0-300x300.png 300w, https:\/\/comuneko.com\/wp-content\/uploads\/2022\/05\/CMNK-Pollaiomatto_0-1024x1024.png 1024w, https:\/\/comuneko.com\/wp-content\/uploads\/2022\/05\/CMNK-Pollaiomatto_0-150x150.png 150w, https:\/\/comuneko.com\/wp-content\/uploads\/2022\/05\/CMNK-Pollaiomatto_0-768x769.png 768w, https:\/\/comuneko.com\/wp-content\/uploads\/2022\/05\/CMNK-Pollaiomatto_0-550x550.png 550w, https:\/\/comuneko.com\/wp-content\/uploads\/2022\/05\/CMNK-Pollaiomatto_0-600x601.png 600w, https:\/\/comuneko.com\/wp-content\/uploads\/2022\/05\/CMNK-Pollaiomatto_0-100x100.png 100w\" sizes=\"(max-width: 1080px) 100vw, 1080px\" \/><\/div>\n<div class=\"qodef-pli-text-holder\">\n\t<div class=\"qodef-pli-text-wrapper\">\n\t\t<div class=\"qodef-pli-text\">\n\t\t\t\t<h2 itemprop=\"name\" class=\"qodef-pli-title entry-title\" >\n\t\tPollaio Matto\t<\/h2>\n\n\t\t\t\n\t\t\t\n\t\t\t\t\t<\/div>\n\t<\/div>\n<\/div>\t\t\n\t\t<a itemprop=\"url\" class=\"qodef-pli-link qodef-block-drag-link\" href=\"https:\/\/comuneko.com\/index.php\/portfolio-item\/pollaio-matto\/\" target=\"_self\"><\/a>\n\t<\/div>\n<\/article><article class=\"qodef-pl-item qodef-item-space qodef-pl-masonry-large-width-height post-7174 portfolio-item type-portfolio-item status-publish has-post-thumbnail hentry portfolio-category-branding portfolio-category-corporate portfolio-category-creative portfolio-category-graphic\">\n\t<div class=\"qodef-pl-item-inner\">\n\t\t<div class=\"qodef-pli-image\">\n\t<img loading=\"lazy\" decoding=\"async\" width=\"1100\" height=\"1100\" src=\"https:\/\/comuneko.com\/wp-content\/uploads\/2022\/08\/ARCH_A-min-1100x1100.png\" class=\"attachment-aoki_qodef_huge size-aoki_qodef_huge wp-post-image\" alt=\"\" srcset=\"https:\/\/comuneko.com\/wp-content\/uploads\/2022\/08\/ARCH_A-min-1100x1100.png 1100w, https:\/\/comuneko.com\/wp-content\/uploads\/2022\/08\/ARCH_A-min-150x150.png 150w, https:\/\/comuneko.com\/wp-content\/uploads\/2022\/08\/ARCH_A-min-550x550.png 550w, https:\/\/comuneko.com\/wp-content\/uploads\/2022\/08\/ARCH_A-min-300x300.png 300w, https:\/\/comuneko.com\/wp-content\/uploads\/2022\/08\/ARCH_A-min-100x100.png 100w\" sizes=\"(max-width: 1100px) 100vw, 1100px\" \/><\/div>\n<div class=\"qodef-pli-text-holder\">\n\t<div class=\"qodef-pli-text-wrapper\">\n\t\t<div class=\"qodef-pli-text\">\n\t\t\t\t<h2 itemprop=\"name\" class=\"qodef-pli-title entry-title\" >\n\t\tArcheoclub Pescara\t<\/h2>\n\n\t\t\t\n\t\t\t\n\t\t\t\t\t<\/div>\n\t<\/div>\n<\/div>\t\t\n\t\t<a itemprop=\"url\" class=\"qodef-pli-link qodef-block-drag-link\" href=\"https:\/\/comuneko.com\/index.php\/portfolio-item\/archeoclub\/\" target=\"_self\"><\/a>\n\t<\/div>\n<\/article><article class=\"qodef-pl-item qodef-item-space qodef-pl-masonry-large-width-height post-7205 portfolio-item type-portfolio-item status-publish has-post-thumbnail hentry portfolio-category-branding portfolio-category-copywriting portfolio-category-digital-adv portfolio-category-identity portfolio-category-packaging\">\n\t<div class=\"qodef-pl-item-inner\">\n\t\t<div class=\"qodef-pli-image\">\n\t<img loading=\"lazy\" decoding=\"async\" width=\"1100\" height=\"1100\" src=\"https:\/\/comuneko.com\/wp-content\/uploads\/2022\/08\/PH-cover-1100x1100.png\" class=\"attachment-aoki_qodef_huge size-aoki_qodef_huge wp-post-image\" alt=\"\" srcset=\"https:\/\/comuneko.com\/wp-content\/uploads\/2022\/08\/PH-cover-1100x1100.png 1100w, https:\/\/comuneko.com\/wp-content\/uploads\/2022\/08\/PH-cover-300x300.png 300w, https:\/\/comuneko.com\/wp-content\/uploads\/2022\/08\/PH-cover-1024x1024.png 1024w, https:\/\/comuneko.com\/wp-content\/uploads\/2022\/08\/PH-cover-150x150.png 150w, https:\/\/comuneko.com\/wp-content\/uploads\/2022\/08\/PH-cover-768x768.png 768w, https:\/\/comuneko.com\/wp-content\/uploads\/2022\/08\/PH-cover-1536x1536.png 1536w, https:\/\/comuneko.com\/wp-content\/uploads\/2022\/08\/PH-cover-550x550.png 550w, https:\/\/comuneko.com\/wp-content\/uploads\/2022\/08\/PH-cover-600x600.png 600w, https:\/\/comuneko.com\/wp-content\/uploads\/2022\/08\/PH-cover-100x100.png 100w, https:\/\/comuneko.com\/wp-content\/uploads\/2022\/08\/PH-cover.png 1920w\" sizes=\"(max-width: 1100px) 100vw, 1100px\" \/><\/div>\n<div class=\"qodef-pli-text-holder\">\n\t<div class=\"qodef-pli-text-wrapper\">\n\t\t<div class=\"qodef-pli-text\">\n\t\t\t\t<h2 itemprop=\"name\" class=\"qodef-pli-title entry-title\" >\n\t\tPlant Heroes\t<\/h2>\n\n\t\t\t\n\t\t\t\n\t\t\t\t\t<\/div>\n\t<\/div>\n<\/div>\t\t\n\t\t<a itemprop=\"url\" class=\"qodef-pli-link qodef-block-drag-link\" href=\"https:\/\/comuneko.com\/index.php\/portfolio-item\/plantheroes\/\" target=\"_self\"><\/a>\n\t<\/div>\n<\/article>\t<\/div>\n\t\n\t<\/div>[\/vc_column_inner][\/vc_row_inner][\/vc_column][\/vc_row][vc_row][vc_column width=&#8221;1\/6&#8243;][\/vc_column][vc_column width=&#8221;1\/2&#8243;][vc_column_text css_animation=&#8221;right-to-left&#8221; css=&#8221;.vc_custom_1660309604140{background-color: #ffffff !important;}&#8221;]Cosa vuol dire? Che prendo per mano i brand nascenti o quelli con un&#8217;identit\u00e0 non ben definita e li aiuto a sbocciare.<\/p>\n<p>Lavoro a quattro mani con te per progettare la brand strategy: mi racconti il tuo progetto, individuiamo insieme criticit\u00e0 ed obiettivi, definiamo il sistema di valori, la personalit\u00e0 e posizionamento del tuo marchio. Poi facciamo la magia: strutturo l&#8217;identit\u00e0 visiva e creo gli elementi di riconoscibilit\u00e0.[\/vc_column_text][\/vc_column][vc_column width=&#8221;1\/6&#8243;][vc_custom_heading text=&#8221;Oltre al branding,<br \/>\nil gaming.&#8221; google_fonts=&#8221;font_family:Montserrat%3Aregular%2C700|font_style:400%20regular%3A400%3Anormal&#8221; css_animation=&#8221;left-to-right&#8221;][\/vc_column][vc_column width=&#8221;1\/6&#8243;][\/vc_column][\/vc_row][vc_row][vc_column][vc_empty_space height=&#8221;100px&#8221; css=&#8221;.vc_custom_1660315331163{background-color: #ffffff !important;}&#8221;][\/vc_column][\/vc_row][vc_row][vc_column][vc_empty_space height=&#8221;100px&#8221; css=&#8221;.vc_custom_1660315331163{background-color: #ffffff !important;}&#8221;][\/vc_column][\/vc_row][vc_row][vc_column width=&#8221;1\/6&#8243;][\/vc_column][vc_column width=&#8221;1\/6&#8243;][vc_custom_heading text=&#8221;La rivoluzione inizia dalle piccole cose. Scrivimi.&#8221; google_fonts=&#8221;font_family:Montserrat%3Aregular%2C700|font_style:700%20bold%20regular%3A700%3Anormal&#8221;][\/vc_column][vc_column width=&#8221;1\/2&#8243;]<div role=\"form\" class=\"wpcf7\" id=\"wpcf7-f138-o1\" lang=\"en-US\" dir=\"ltr\">\n<div class=\"screen-reader-response\"><p role=\"status\" aria-live=\"polite\" aria-atomic=\"true\"><\/p> <ul><\/ul><\/div>\n<form action=\"\/index.php\/wp-json\/wp\/v2\/pages\/6811#wpcf7-f138-o1\" method=\"post\" class=\"wpcf7-form init\" novalidate=\"novalidate\" data-status=\"init\">\n<div style=\"display: none;\">\n<input type=\"hidden\" name=\"_wpcf7\" value=\"138\" \/>\n<input type=\"hidden\" name=\"_wpcf7_version\" value=\"5.4\" \/>\n<input type=\"hidden\" name=\"_wpcf7_locale\" value=\"en_US\" \/>\n<input type=\"hidden\" name=\"_wpcf7_unit_tag\" value=\"wpcf7-f138-o1\" \/>\n<input type=\"hidden\" name=\"_wpcf7_container_post\" value=\"0\" \/>\n<input type=\"hidden\" name=\"_wpcf7_posted_data_hash\" value=\"\" \/>\n<\/div>\n<div class=\"qodef-contact-2\"><span class=\"wpcf7-form-control-wrap text-730\"><input type=\"text\" name=\"text-730\" value=\"\" size=\"40\" class=\"wpcf7-form-control wpcf7-text\" aria-invalid=\"false\" placeholder=\"Nome*\" \/><\/span><span class=\"wpcf7-form-control-wrap your-email\"><input type=\"email\" name=\"your-email\" value=\"\" size=\"40\" class=\"wpcf7-form-control wpcf7-text wpcf7-email wpcf7-validates-as-required wpcf7-validates-as-email\" aria-required=\"true\" aria-invalid=\"false\" placeholder=\"Mail*\" \/><\/span><span class=\"wpcf7-form-control-wrap text-730\"><input type=\"text\" name=\"text-730\" value=\"\" size=\"40\" class=\"wpcf7-form-control wpcf7-text\" aria-invalid=\"false\" placeholder=\"Nome azienda\" \/><\/span><span class=\"wpcf7-form-control-wrap textarea-920\"><textarea name=\"textarea-920\" cols=\"40\" rows=\"10\" class=\"wpcf7-form-control wpcf7-textarea\" aria-invalid=\"false\" placeholder=\"Miao! Scrivi qui la tua idea o la tua richiesta. Sar\u00f2 felice di rispondere\"><\/textarea><\/span>\n<div class=\"qodef-cf7-submit-holder\"><input type=\"submit\" value=\"Invia!\" class=\"wpcf7-form-control wpcf7-submit\" \/><span class=\"qodef-cf7-submit-icon qodef-icon-font-awesome fa fa-chevron-right\"><\/span><\/div>\n<\/div>\n<div class=\"wpcf7-response-output\" aria-hidden=\"true\"><\/div><\/form><\/div>[\/vc_column][vc_column width=&#8221;1\/6&#8243;][\/vc_column][\/vc_row][vc_row][vc_column][vc_empty_space height=&#8221;100px&#8221; css=&#8221;.vc_custom_1660315331163{background-color: #ffffff !important;}&#8221;][\/vc_column][\/vc_row]<\/p>\n","protected":false},"excerpt":{"rendered":"<p>[vc_row][vc_column][rev_slider_vc alias=&#8221;main-home-1&#8243; enable_paspartu=&#8221;no&#8221;][\/vc_column][\/vc_row][vc_row][vc_column][\/vc_column][\/vc_row][vc_row][vc_column width=&#8221;1\/6&#8243;][\/vc_column][vc_column width=&#8221;1\/6&#8243;][vc_custom_heading text=&#8221;Qui si fa brand `{`r`}`evolution&#8221; google_fonts=&#8221;font_family:Montserrat%3Aregular%2C700|font_style:400%20regular%3A400%3Anormal&#8221; css_animation=&#8221;left-to-right&#8221;][\/vc_column][vc_column width=&#8221;1\/2&#8243;][vc_column_text css_animation=&#8221;right-to-left&#8221; css=&#8221;.vc_custom_1660309604140{background-color: #ffffff !important;}&#8221;]Cosa vuol dire? Che prendo per mano i brand nascenti o quelli con un&#8217;identit\u00e0 non ben definita e li aiuto a sbocciare. Lavoro a [&hellip;]<\/p>\n","protected":false},"author":1,"featured_media":0,"parent":0,"menu_order":0,"comment_status":"closed","ping_status":"closed","template":"full-width.php","meta":{"footnotes":""},"_links":{"self":[{"href":"https:\/\/comuneko.com\/index.php\/wp-json\/wp\/v2\/pages\/6811"}],"collection":[{"href":"https:\/\/comuneko.com\/index.php\/wp-json\/wp\/v2\/pages"}],"about":[{"href":"https:\/\/comuneko.com\/index.php\/wp-json\/wp\/v2\/types\/page"}],"author":[{"embeddable":true,"href":"https:\/\/comuneko.com\/index.php\/wp-json\/wp\/v2\/users\/1"}],"replies":[{"embeddable":true,"href":"https:\/\/comuneko.com\/index.php\/wp-json\/wp\/v2\/comments?post=6811"}],"version-history":[{"count":62,"href":"https:\/\/comuneko.com\/index.php\/wp-json\/wp\/v2\/pages\/6811\/revisions"}],"predecessor-version":[{"id":7273,"href":"https:\/\/comuneko.com\/index.php\/wp-json\/wp\/v2\/pages\/6811\/revisions\/7273"}],"wp:attachment":[{"href":"https:\/\/comuneko.com\/index.php\/wp-json\/wp\/v2\/media?parent=6811"}],"curies":[{"name":"wp","href":"https:\/\/api.w.org\/{rel}","templated":true}]}}